{"id":1016,"date":"2025-02-25T12:45:40","date_gmt":"2025-02-25T17:45:40","guid":{"rendered":"https:\/\/papasandinas.com\/?page_id=1016"},"modified":"2025-02-25T12:45:45","modified_gmt":"2025-02-25T17:45:45","slug":"museo-contacto","status":"publish","type":"page","link":"https:\/\/papasandinas.com\/es_es\/museo-contacto\/","title":{"rendered":"Contacto &#8211; Museo de La Papa"},"content":{"rendered":"\n[et_pb_section fb_built=\u00bb1&#8243; admin_label=\u00bbHero Section\u00bb _builder_version=\u00bb4.27.4&#8243; background_image=\u00bbhttps:\/\/papasandinas.com\/wp-content\/uploads\/2025\/01\/papas-en-blanco-y-ngreo.jpg\u00bb parallax=\u00bbon\u00bb custom_margin=\u00bb|||\u00bb custom_padding=\u00bb8%||8%|\u00bb locked=\u00bboff\u00bb global_colors_info=\u00bb{}\u00bb][et_pb_row _builder_version=\u00bb4.16&#8243; background_size=\u00bbinitial\u00bb background_position=\u00bbtop_left\u00bb background_repeat=\u00bbrepeat\u00bb global_colors_info=\u00bb{}\u00bb][et_pb_column type=\u00bb4_4&#8243; _builder_version=\u00bb4.16&#8243; custom_padding=\u00bb|||\u00bb global_colors_info=\u00bb{}\u00bb custom_padding__hover=\u00bb|||\u00bb][et_pb_text admin_label=\u00bbTitle\u00bb _builder_version=\u00bb4.27.4&#8243; text_font=\u00bbQuattrocento||||||||\u00bb text_font_size=\u00bb22px\u00bb text_line_height=\u00bb2em\u00bb header_font=\u00bbQuattrocento|||on|||||\u00bb header_text_align=\u00bbcenter\u00bb header_font_size=\u00bb80px\u00bb header_letter_spacing=\u00bb3px\u00bb header_line_height=\u00bb1.2em\u00bb text_orientation=\u00bbcenter\u00bb background_layout=\u00bbdark\u00bb max_width=\u00bb800px\u00bb module_alignment=\u00bbcenter\u00bb animation_style=\u00bbslide\u00bb animation_direction=\u00bbtop\u00bb animation_intensity_slide=\u00bb3%\u00bb animation_starting_opacity=\u00bb100%\u00bb text_font_size_tablet=\u00bb22px\u00bb text_font_size_phone=\u00bb22px\u00bb text_font_size_last_edited=\u00bbon|desktop\u00bb text_letter_spacing_tablet=\u00bb\u00bb text_letter_spacing_phone=\u00bb\u00bb text_letter_spacing_last_edited=\u00bbon|tablet\u00bb text_line_height_tablet=\u00bb1.4em\u00bb text_line_height_phone=\u00bb1.4em\u00bb text_line_height_last_edited=\u00bbon|desktop\u00bb header_font_size_tablet=\u00bb40px\u00bb header_font_size_phone=\u00bb\u00bb header_font_size_last_edited=\u00bbon|phone\u00bb header_letter_spacing_tablet=\u00bb1px\u00bb header_letter_spacing_phone=\u00bb1px\u00bb header_letter_spacing_last_edited=\u00bbon|desktop\u00bb global_colors_info=\u00bb{}\u00bb]<h1>CONTACTO<\/h1>\n<p>\u00bfTienes dudas o quieres saber m\u00e1s sobre el Museo de la Papa? Escr\u00edbenos y s\u00e9 parte de esta experiencia que celebra nuestra historia, cultura y biodiversidad andina.<\/p>[\/et_pb_text][\/et_pb_column][\/et_pb_row][\/et_pb_section][et_pb_section fb_built=\u00bb1&#8243; _builder_version=\u00bb4.27.4&#8243; _module_preset=\u00bbdefault\u00bb background_enable_image=\u00bboff\u00bb min_height=\u00bb312px\u00bb global_colors_info=\u00bb{}\u00bb][et_pb_row column_structure=\u00bb1_2,1_2&#8243; _builder_version=\u00bb4.27.4&#8243; _module_preset=\u00bbdefault\u00bb width=\u00bb95%\u00bb max_width=\u00bb1600px\u00bb global_colors_info=\u00bb{}\u00bb][et_pb_column type=\u00bb1_2&#8243; _builder_version=\u00bb4.27.4&#8243; _module_preset=\u00bbdefault\u00bb global_colors_info=\u00bb{}\u00bb][et_pb_image src=\u00bbhttps:\/\/papasandinas.com\/wp-content\/uploads\/2025\/02\/biomercado.jpg\u00bb title_text=\u00bbbiomercado}\u00bb _builder_version=\u00bb4.27.4&#8243; _module_preset=\u00bbdefault\u00bb global_colors_info=\u00bb{}\u00bb][\/et_pb_image][\/et_pb_column][et_pb_column type=\u00bb1_2&#8243; _builder_version=\u00bb4.27.4&#8243; _module_preset=\u00bbdefault\u00bb global_colors_info=\u00bb{}\u00bb][et_pb_text _builder_version=\u00bb4.27.4&#8243; _module_preset=\u00bbdefault\u00bb width=\u00bb80%\u00bb custom_css_free_form=\u00bbh2{||  font-family: Newsreader,serif;||  margin: 5px;||}\u00bb global_colors_info=\u00bb{}\u00bb]<h2>BIOMERCADO<\/h2>\n<p>Nuestro biomercado es un espacio donde la tradici\u00f3n y la sostenibilidad se encuentran. Ofrecemos una variedad de productos elaborados a base de papa, desde snacks hasta harinas nutritivas. Adem\u00e1s, contamos con una selecci\u00f3n de quesos artesanales y deliciosas mermeladas y n\u00e9ctares de mashua negra y oca, resaltando los sabores aut\u00e9nticos de los Andes.<\/p>\n<p>Vis\u00edtanos y descubre productos naturales, frescos y llenos de historia, apoyando a los productores locales y valorando la riqueza de nuestra biodiversidad.<\/p>[\/et_pb_text][et_pb_button button_url=\u00bbhttps:\/\/papasandinas.com\/biomercado-2\/\u00bb button_text=\u00bbVer M\u00e1s\u00bb button_alignment=\u00bbcenter\u00bb _builder_version=\u00bb4.27.4&#8243; _module_preset=\u00bbdefault\u00bb hover_enabled=\u00bb0&#8243; global_colors_info=\u00bb{}\u00bb sticky_enabled=\u00bb0&#8243;][\/et_pb_button][\/et_pb_column][\/et_pb_row][\/et_pb_section][et_pb_section fb_built=\u00bb1&#8243; _builder_version=\u00bb4.27.4&#8243; _module_preset=\u00bbdefault\u00bb width=\u00bb100%\u00bb global_colors_info=\u00bb{}\u00bb][et_pb_row _builder_version=\u00bb4.27.4&#8243; _module_preset=\u00bbdefault\u00bb global_colors_info=\u00bb{}\u00bb][et_pb_column type=\u00bb4_4&#8243; _builder_version=\u00bb4.27.4&#8243; _module_preset=\u00bbdefault\u00bb global_colors_info=\u00bb{}\u00bb][et_pb_code _builder_version=\u00bb4.27.4&#8243; _module_preset=\u00bbdefault\u00bb global_colors_info=\u00bb{}\u00bb]<style><!-- [et_pb_line_break_holder] -->    .image-grid {<!-- [et_pb_line_break_holder] -->        display: grid;<!-- [et_pb_line_break_holder] -->        grid-template-columns: auto auto;<!-- [et_pb_line_break_holder] -->        grid-template-rows: auto auto;<!-- [et_pb_line_break_holder] -->        gap: 10px;<!-- [et_pb_line_break_holder] -->        justify-content: center;<!-- [et_pb_line_break_holder] -->        position: relative;<!-- [et_pb_line_break_holder] -->    }<!-- [et_pb_line_break_holder] --><!-- [et_pb_line_break_holder] -->    .image-large {<!-- [et_pb_line_break_holder] -->        grid-row: span 2;<!-- [et_pb_line_break_holder] -->        height: 100%;<!-- [et_pb_line_break_holder] -->      \t<!-- [et_pb_line_break_holder] -->        object-fit: cover;<!-- [et_pb_line_break_holder] -->        position: relative;<!-- [et_pb_line_break_holder] -->    }<!-- [et_pb_line_break_holder] --><!-- [et_pb_line_break_holder] -->    .image-small {<!-- [et_pb_line_break_holder] -->        height: 100%;<!-- [et_pb_line_break_holder] -->        object-fit: cover;<!-- [et_pb_line_break_holder] -->    }<!-- [et_pb_line_break_holder] --><!-- [et_pb_line_break_holder] -->    .info-box {<!-- [et_pb_line_break_holder] -->        position: absolute;<!-- [et_pb_line_break_holder] -->        top: -16%; \/* Aumenta hacia arriba *\/<!-- [et_pb_line_break_holder] -->        left: -2%; \/* Se expande m\u00e1s hacia la derecha *\/<!-- [et_pb_line_break_holder] -->        background-color: #850303;<!-- [et_pb_line_break_holder] -->        color: white;<!-- [et_pb_line_break_holder] -->        padding: 30px;<!-- [et_pb_line_break_holder] -->        width: 380px; \/* M\u00e1s ancho *\/<!-- [et_pb_line_break_holder] -->        font-size: 16px;<!-- [et_pb_line_break_holder] -->        font-family: Arial, sans-serif;<!-- [et_pb_line_break_holder] -->        line-height: 1.5;<!-- [et_pb_line_break_holder] -->        text-align: justify; \/* Justificaci\u00f3n del texto *\/<!-- [et_pb_line_break_holder] -->        border: 4px solid white;<!-- [et_pb_line_break_holder] -->        box-shadow: inset 0 4px white, inset 0 -4px white;<!-- [et_pb_line_break_holder] -->        transform: translateY(-4%);<!-- [et_pb_line_break_holder] -->        transform: translateX(20%);<!-- [et_pb_line_break_holder] -->    }   <!-- [et_pb_line_break_holder] --><\/style><!-- [et_pb_line_break_holder] --><!-- [et_pb_line_break_holder] --><div class=\"image-grid\"><!-- [et_pb_line_break_holder] -->    <div class=\"image-large\"><!-- [et_pb_line_break_holder] -->        <img decoding=\"async\" src=\"https:\/\/papasandinas.com\/wp-content\/uploads\/2021\/12\/WhatsApp-Image-2021-12-21-at-6.49.28-AM.jpeg\" alt=\"Imagen Grande\"><!-- [et_pb_line_break_holder] -->        <div class=\"info-box\"><!-- [et_pb_line_break_holder] -->            <strong>Horario de Atenci\u00f3n<\/strong><!\u2013- [et_pb_br_holder] -\u2013><!\u2013- [et_pb_br_holder] -\u2013><!-- [et_pb_line_break_holder] -->            <strong>Lunes a S\u00e1bado:<\/strong><!\u2013- [et_pb_br_holder] -\u2013><!-- [et_pb_line_break_holder] -->            De 09:00 am a 6:00 pm<!\u2013- [et_pb_br_holder] -\u2013><!\u2013- [et_pb_br_holder] -\u2013><!-- [et_pb_line_break_holder] -->            <strong>D\u00edas sin atenci\u00f3n al p\u00fablico:<\/strong><!\u2013- [et_pb_br_holder] -\u2013><!-- [et_pb_line_break_holder] -->            01 de Enero<!\u2013- [et_pb_br_holder] -\u2013><!-- [et_pb_line_break_holder] -->            01 de Mayo<!\u2013- [et_pb_br_holder] -\u2013><!-- [et_pb_line_break_holder] -->            25 de Diciembre<!\u2013- [et_pb_br_holder] -\u2013><!\u2013- [et_pb_br_holder] -\u2013><!-- [et_pb_line_break_holder] -->            <strong>Ingreso General<\/strong><!\u2013- [et_pb_br_holder] -\u2013><!-- [et_pb_line_break_holder] -->            Adultos: S\/ 6 (18+ a\u00f1os)<!\u2013- [et_pb_br_holder] -\u2013><!-- [et_pb_line_break_holder] -->            Adultos Mayores: S\/ 5 (60+ a\u00f1os)<!\u2013- [et_pb_br_holder] -\u2013><!-- [et_pb_line_break_holder] -->            Menores: S\/ 2 (5-17 a\u00f1os)<!\u2013- [et_pb_br_holder] -\u2013><!-- [et_pb_line_break_holder] -->            Estudiantes: S\/ 3 (con credencial)<!\u2013- [et_pb_br_holder] -\u2013><!-- [et_pb_line_break_holder] -->            Menores de 5 a\u00f1os: GRATIS<!-- [et_pb_line_break_holder] -->        <\/div><!-- [et_pb_line_break_holder] -->    <\/div><!-- [et_pb_line_break_holder] -->    <img decoding=\"async\" src=\"https:\/\/papasandinas.com\/wp-content\/uploads\/2021\/12\/CP-50.jpg\" alt=\"Imagen 1\" class=\"image-small\"><!-- [et_pb_line_break_holder] -->    <img decoding=\"async\" src=\"https:\/\/papasandinas.com\/wp-content\/uploads\/2021\/12\/WhatsApp-Image-2021-12-21-at-6.45.50-AM.jpeg\" alt=\"Imagen 2\" class=\"image-small\"><!-- [et_pb_line_break_holder] --><\/div><!-- [et_pb_line_break_holder] -->[\/et_pb_code][\/et_pb_column][\/et_pb_row][et_pb_row _builder_version=\u00bb4.27.4&#8243; _module_preset=\u00bbdefault\u00bb width=\u00bb95%\u00bb max_width=\u00bb1800px\u00bb global_colors_info=\u00bb{}\u00bb][et_pb_column type=\u00bb4_4&#8243; _builder_version=\u00bb4.27.4&#8243; _module_preset=\u00bbdefault\u00bb global_colors_info=\u00bb{}\u00bb][et_pb_code disabled_on=\u00bbon|on|on\u00bb _builder_version=\u00bb4.27.4&#8243; _module_preset=\u00bbdefault\u00bb disabled=\u00bbon\u00bb global_colors_info=\u00bb{}\u00bb]<div class=\"infraestructura-container\"><!-- [et_pb_line_break_holder] -->    <h2 class=\"titulo\">Infraestructura<\/h2><!-- [et_pb_line_break_holder] -->    <div class=\"seccion\"><!-- [et_pb_line_break_holder] -->        <pee class=\"descripcion\">El Museo de la Papa cuenta con una infraestructura moderna que resalta la identidad andina. Su dise\u00f1o combina elementos tradicionales con tecnolog\u00eda de vanguardia para ofrecer una experiencia inmersiva.<\/pee><!-- [et_pb_line_break_holder] -->        <img decoding=\"async\" src=\"imagen-infraestructura.jpg\" alt=\"Infraestructura del museo\" class=\"imagen-derecha\"><!-- [et_pb_line_break_holder] -->    <\/div><!-- [et_pb_line_break_holder] --><\/div><!-- [et_pb_line_break_holder] --><!-- [et_pb_line_break_holder] --><div class=\"exposiciones-container\"><!-- [et_pb_line_break_holder] -->    <h2 class=\"titulo\">Exposiciones<\/h2><!-- [et_pb_line_break_holder] -->    <div class=\"seccion\"><!-- [et_pb_line_break_holder] -->        <pee class=\"descripcion\">En este espacio, los visitantes podr\u00e1n conocer la historia de la papa, su importancia cultural y su impacto en la gastronom\u00eda. Contamos con muestras interactivas y conferencias especializadas.<\/pee><!-- [et_pb_line_break_holder] -->        <img decoding=\"async\" src=\"imagen-exposicion.jpg\" alt=\"Exposici\u00f3n del museo\" class=\"imagen-derecha\"><!-- [et_pb_line_break_holder] -->    <\/div><!-- [et_pb_line_break_holder] --><\/div><!-- [et_pb_line_break_holder] --><!-- [et_pb_line_break_holder] --><div class=\"unico-museo-container\"><!-- [et_pb_line_break_holder] -->    <h2 class=\"titulo\">\u00danico Museo de Papas en el Pa\u00eds<\/h2><!-- [et_pb_line_break_holder] -->    <div class=\"seccion\"><!-- [et_pb_line_break_holder] -->        <pee class=\"descripcion\">Este es el primer y \u00fanico museo en el Per\u00fa dedicado exclusivamente a la papa. Una visita imprescindible para quienes desean conocer la biodiversidad y el valor cultural de este tub\u00e9rculo. <a href=\"pagina-museo.html\">M\u00e1s informaci\u00f3n<\/a><\/pee><!-- [et_pb_line_break_holder] -->        <img decoding=\"async\" src=\"imagen-museo.jpg\" alt=\"Museo de la papa\" class=\"imagen-derecha\"><!-- [et_pb_line_break_holder] -->    <\/div><!-- [et_pb_line_break_holder] --><\/div><!-- [et_pb_line_break_holder] --><!-- [et_pb_line_break_holder] --><div class=\"visita-container\"><!-- [et_pb_line_break_holder] -->    <h2 class=\"titulo\">\u00bfPor qu\u00e9 visitar el Museo?<\/h2><!-- [et_pb_line_break_holder] -->    <div class=\"seccion\"><!-- [et_pb_line_break_holder] -->        <pee class=\"descripcion\">El Museo de la Papa ofrece una experiencia \u00fanica que conecta a los visitantes con la historia y el legado de la papa en el Per\u00fa. Una parada esencial para turistas y amantes de la cultura andina.<\/pee><!-- [et_pb_line_break_holder] -->        <img decoding=\"async\" src=\"imagen-visita.jpg\" alt=\"Visitantes en el museo\" class=\"imagen-derecha\"><!-- [et_pb_line_break_holder] -->    <\/div><!-- [et_pb_line_break_holder] --><\/div><!-- [et_pb_line_break_holder] --><!-- [et_pb_line_break_holder] --><style><!-- [et_pb_line_break_holder] -->.infraestructura-container, .exposiciones-container, .unico-museo-container, .visita-container {<!-- [et_pb_line_break_holder] -->    padding: 20px;<!-- [et_pb_line_break_holder] -->    text-align: left;<!-- [et_pb_line_break_holder] -->    font-family: 'Times New Roman', serif;<!-- [et_pb_line_break_holder] -->}<!-- [et_pb_line_break_holder] --><!-- [et_pb_line_break_holder] -->.titulo {<!-- [et_pb_line_break_holder] -->    font-size: 24px;<!-- [et_pb_line_break_holder] -->    font-weight: bold;<!-- [et_pb_line_break_holder] -->    margin-bottom: 10px;<!-- [et_pb_line_break_holder] -->}<!-- [et_pb_line_break_holder] --><!-- [et_pb_line_break_holder] -->.descripcion {<!-- [et_pb_line_break_holder] -->    font-size: 16px;<!-- [et_pb_line_break_holder] -->    color: #333;<!-- [et_pb_line_break_holder] -->    max-width: 60%;<!-- [et_pb_line_break_holder] -->    display: inline-block;<!-- [et_pb_line_break_holder] -->    vertical-align: top;<!-- [et_pb_line_break_holder] -->}<!-- [et_pb_line_break_holder] --><!-- [et_pb_line_break_holder] -->.imagen-derecha {<!-- [et_pb_line_break_holder] -->    width: 150px;<!-- [et_pb_line_break_holder] -->    height: 150px;<!-- [et_pb_line_break_holder] -->    margin-left: 20px;<!-- [et_pb_line_break_holder] -->    display: inline-block;<!-- [et_pb_line_break_holder] -->    vertical-align: top;<!-- [et_pb_line_break_holder] -->}<!-- [et_pb_line_break_holder] --><\/style><!-- [et_pb_line_break_holder] -->[\/et_pb_code][\/et_pb_column][\/et_pb_row][et_pb_row _builder_version=\u00bb4.27.4&#8243; _module_preset=\u00bbdefault\u00bb width=\u00bb100%\u00bb max_width=\u00bb1800px\u00bb global_colors_info=\u00bb{}\u00bb][et_pb_column type=\u00bb4_4&#8243; _builder_version=\u00bb4.27.4&#8243; _module_preset=\u00bbdefault\u00bb global_colors_info=\u00bb{}\u00bb][et_pb_code _builder_version=\u00bb4.27.4&#8243; _module_preset=\u00bbdefault\u00bb min_height=\u00bb32px\u00bb custom_css_free_form=\u00bb||\/* Contenedor del mapa *\/||.map-container {||  flex: 1;||}\u00bb locked=\u00bboff\u00bb global_colors_info=\u00bb{}\u00bb]<iframe src=\"https:\/\/www.google.com\/maps\/embed?pb=!1m18!1m12!1m3!1d1940.2337780144678!2d-74.19370907674916!3d-13.445250948066633!2m3!1f0!2f0!3f0!3m2!1i1024!2i768!4f13.1!3m3!1m2!1s0x9112f50cbf820c0b%3A0x877485f800be4059!2sRuta%20de%20la%20Papa!5e0!3m2!1ses-419!2spe!4v1738685664815!5m2!1ses-419!2spe\" width=\"100%\" height=\"450\" style=\"border:0;\" allowfullscreen=\"\" loading=\"lazy\" referrerpolicy=\"no-referrer-when-downgrade\"><\/iframe>[\/et_pb_code][\/et_pb_column][\/et_pb_row][\/et_pb_section]\n","protected":false},"excerpt":{"rendered":"<p>CONTACTO \u00bfTienes dudas o quieres saber m\u00e1s sobre el Museo de la Papa? Escr\u00edbenos y s\u00e9 parte de esta experiencia que celebra nuestra historia, cultura y biodiversidad andina.BIOMERCADO Nuestro biomercado es un espacio donde la tradici\u00f3n y la sostenibilidad se encuentran. Ofrecemos una variedad de productos elaborados a base de papa, desde snacks hasta harinas [&hellip;]<\/p>\n","protected":false},"author":1,"featured_media":0,"parent":0,"menu_order":0,"comment_status":"closed","ping_status":"closed","template":"","meta":{"_et_pb_use_builder":"on","_et_pb_old_content":"","_et_gb_content_width":"","_monsterinsights_skip_tracking":false,"_monsterinsights_sitenote_active":false,"_monsterinsights_sitenote_note":"","_monsterinsights_sitenote_category":0,"footnotes":""},"class_list":["post-1016","page","type-page","status-publish","hentry"],"aioseo_notices":[],"_links":{"self":[{"href":"https:\/\/papasandinas.com\/es_es\/wp-json\/wp\/v2\/pages\/1016","targetHints":{"allow":["GET"]}}],"collection":[{"href":"https:\/\/papasandinas.com\/es_es\/wp-json\/wp\/v2\/pages"}],"about":[{"href":"https:\/\/papasandinas.com\/es_es\/wp-json\/wp\/v2\/types\/page"}],"author":[{"embeddable":true,"href":"https:\/\/papasandinas.com\/es_es\/wp-json\/wp\/v2\/users\/1"}],"replies":[{"embeddable":true,"href":"https:\/\/papasandinas.com\/es_es\/wp-json\/wp\/v2\/comments?post=1016"}],"version-history":[{"count":30,"href":"https:\/\/papasandinas.com\/es_es\/wp-json\/wp\/v2\/pages\/1016\/revisions"}],"predecessor-version":[{"id":1160,"href":"https:\/\/papasandinas.com\/es_es\/wp-json\/wp\/v2\/pages\/1016\/revisions\/1160"}],"wp:attachment":[{"href":"https:\/\/papasandinas.com\/es_es\/wp-json\/wp\/v2\/media?parent=1016"}],"curies":[{"name":"wp","href":"https:\/\/api.w.org\/{rel}","templated":true}]}}